{"id":717,"date":"2017-02-09T10:21:45","date_gmt":"2017-02-09T10:21:45","guid":{"rendered":"http:\/\/www.elsindic.com\/jornades-i-ponencies\/"},"modified":"2017-09-25T10:52:58","modified_gmt":"2017-09-25T10:52:58","slug":"jornades-i-ponencies","status":"publish","type":"page","link":"https:\/\/www.elsindic.com\/va\/observatori-de-la-vulnerabilitat\/jornades-i-ponencies\/","title":{"rendered":"Jornades i pon\u00e8ncies"},"content":{"rendered":"<div class=\"wpb-content-wrapper\"><p>[vc_row css=&#8221;.vc_custom_1485159526107{padding-top: 30px !important;}&#8221;][vc_column][vc_column_text]Informarem de les convocat\u00f2ries (jornades, seminaris, confer\u00e8ncies, pon\u00e8ncies, etc.) que es referisquen als objectius de qu\u00e8 s&#8217;ocupa l\u2019Observatori. Igualment, totes les persones membres de l&#8217;Observatori podran enriquir aquest apartat i traslladar al S\u00edndic de Greuges les informacions que consideren \u00a0d&#8217;inter\u00e9s per a ser divulgades a trav\u00e9s d\u2019aquesta via.[\/vc_column_text][\/vc_column][\/vc_row]<\/p>\n<\/div>","protected":false},"excerpt":{"rendered":"<p>[vc_row css=&#8221;.vc_custom_1485159526107{padding-top: 30px !important;}&#8221;][vc_column][vc_column_text]Informarem de les convocat\u00f2ries (jornades, seminaris, confer\u00e8ncies, pon\u00e8ncies, etc.) que es referisquen als objectius de qu\u00e8 s&#8217;ocupa l\u2019Observatori. Igualment, totes les persones membres de l&#8217;Observatori podran enriquir aquest apartat i traslladar al S\u00edndic de Greuges les informacions que consideren \u00a0d&#8217;inter\u00e9s per a ser divulgades a trav\u00e9s d\u2019aquesta via.[\/vc_column_text][\/vc_column][\/vc_row]<\/p>\n","protected":false},"author":1,"featured_media":0,"parent":10654,"menu_order":0,"comment_status":"closed","ping_status":"closed","template":"","meta":{"footnotes":""},"class_list":["post-717","page","type-page","status-publish","hentry"],"_links":{"self":[{"href":"https:\/\/www.elsindic.com\/va\/wp-json\/wp\/v2\/pages\/717"}],"collection":[{"href":"https:\/\/www.elsindic.com\/va\/wp-json\/wp\/v2\/pages"}],"about":[{"href":"https:\/\/www.elsindic.com\/va\/wp-json\/wp\/v2\/types\/page"}],"author":[{"embeddable":true,"href":"https:\/\/www.elsindic.com\/va\/wp-json\/wp\/v2\/users\/1"}],"replies":[{"embeddable":true,"href":"https:\/\/www.elsindic.com\/va\/wp-json\/wp\/v2\/comments?post=717"}],"version-history":[{"count":2,"href":"https:\/\/www.elsindic.com\/va\/wp-json\/wp\/v2\/pages\/717\/revisions"}],"predecessor-version":[{"id":15284,"href":"https:\/\/www.elsindic.com\/va\/wp-json\/wp\/v2\/pages\/717\/revisions\/15284"}],"up":[{"embeddable":true,"href":"https:\/\/www.elsindic.com\/va\/wp-json\/wp\/v2\/pages\/10654"}],"wp:attachment":[{"href":"https:\/\/www.elsindic.com\/va\/wp-json\/wp\/v2\/media?parent=717"}],"curies":[{"name":"wp","href":"https:\/\/api.w.org\/{rel}","templated":true}]}}