{"id":719,"date":"2017-02-09T10:23:54","date_gmt":"2017-02-09T10:23:54","guid":{"rendered":"http:\/\/www.elsindic.com\/forum\/"},"modified":"2017-09-25T10:45:39","modified_gmt":"2017-09-25T10:45:39","slug":"forum","status":"publish","type":"page","link":"https:\/\/www.elsindic.com\/va\/observatori-de-la-vulnerabilitat\/forum\/","title":{"rendered":"F\u00f2rum"},"content":{"rendered":"<div class=\"wpb-content-wrapper\"><p>[vc_row][vc_column][vc_column_text]En l&#8217;Observatori posarem a disposici\u00f3 dels membres del Plenari una plataforma en qu\u00e8 es podr\u00e0 compartir informaci\u00f3, debatre q\u00fcestions que ens ocupen i afecten, crear vincles entre els membres d&#8217;aquesta xarxa i desenvolupar un espai per a la reflexi\u00f3, tot aix\u00f2 en benefici dels drets d\u2019aquests col\u00b7lectius que ens preocupen a totes les persones.<\/p>\n<p>Des de l&#8217;Observatori de la Vulnerabilitat del S\u00edndic de Greuges s&#8217;administrar\u00e0 aquest f\u00f2rum i es donar\u00e0 la benvinguda a cada membre que hi vulga participar, amb el registre previ, i apostar conjuntament pel rigor i la professionalitat en els debats, en benefici de les entitats, associacions o organitzacions a qu\u00e8 representem, fet que comportar\u00e0 un \u00f2ptim desenvolupament dels drets i un augment de les garanties dels sistemes de protecci\u00f3.<\/p>\n<p>Cada persona membre del f\u00f2rum \u00e9s l&#8217;\u00fanica responsable de les opinions i els continguts que emeta en aquest espai virtual, at\u00e9s que les decisions o conclusions finals de l&#8217;Observatori es decideixen en el Plenari reunit formalment.<\/p>\n<p>El f\u00f2rum permetr\u00e0 que avancem amb m\u00e9s dilig\u00e8ncia a l\u2019hora de fer propostes a les diverses administracions, que aprenguem de les experi\u00e8ncies compartides i que puguem donar respostes a les inquietuds que di\u00e0riament ens provoquen el respecte i la protecci\u00f3 de les persones amb m\u00e9s vulnerabilitat.<\/p>\n<p>Aquesta eina ser\u00e0 desenvolupada quan finalitzem el proc\u00e9s de redisseny de la p\u00e0gina web que estem duent a terme a hores d&#8217;ara.[\/vc_column_text][\/vc_column][\/vc_row]<\/p>\n<\/div>","protected":false},"excerpt":{"rendered":"<p>[vc_row][vc_column][vc_column_text]En l&#8217;Observatori posarem a disposici\u00f3 dels membres del Plenari una plataforma en qu\u00e8 es podr\u00e0 compartir informaci\u00f3, debatre q\u00fcestions que ens ocupen i afecten, crear vincles entre els membres d&#8217;aquesta xarxa i desenvolupar un espai per a la reflexi\u00f3, tot aix\u00f2 en benefici dels drets d\u2019aquests col\u00b7lectius que ens preocupen a totes les persones. Des [&hellip;]<\/p>\n","protected":false},"author":1,"featured_media":0,"parent":10654,"menu_order":0,"comment_status":"closed","ping_status":"closed","template":"","meta":{"footnotes":""},"class_list":["post-719","page","type-page","status-publish","hentry"],"_links":{"self":[{"href":"https:\/\/www.elsindic.com\/va\/wp-json\/wp\/v2\/pages\/719"}],"collection":[{"href":"https:\/\/www.elsindic.com\/va\/wp-json\/wp\/v2\/pages"}],"about":[{"href":"https:\/\/www.elsindic.com\/va\/wp-json\/wp\/v2\/types\/page"}],"author":[{"embeddable":true,"href":"https:\/\/www.elsindic.com\/va\/wp-json\/wp\/v2\/users\/1"}],"replies":[{"embeddable":true,"href":"https:\/\/www.elsindic.com\/va\/wp-json\/wp\/v2\/comments?post=719"}],"version-history":[{"count":2,"href":"https:\/\/www.elsindic.com\/va\/wp-json\/wp\/v2\/pages\/719\/revisions"}],"predecessor-version":[{"id":15281,"href":"https:\/\/www.elsindic.com\/va\/wp-json\/wp\/v2\/pages\/719\/revisions\/15281"}],"up":[{"embeddable":true,"href":"https:\/\/www.elsindic.com\/va\/wp-json\/wp\/v2\/pages\/10654"}],"wp:attachment":[{"href":"https:\/\/www.elsindic.com\/va\/wp-json\/wp\/v2\/media?parent=719"}],"curies":[{"name":"wp","href":"https:\/\/api.w.org\/{rel}","templated":true}]}}