{"id":722,"date":"2017-02-09T10:26:21","date_gmt":"2017-02-09T10:26:21","guid":{"rendered":"http:\/\/www.elsindic.com\/enllacos\/"},"modified":"2017-09-25T10:42:00","modified_gmt":"2017-09-25T10:42:00","slug":"enllacos","status":"publish","type":"page","link":"https:\/\/www.elsindic.com\/va\/observatori-de-la-vulnerabilitat\/enllacos\/","title":{"rendered":"Enlla\u00e7os"},"content":{"rendered":"<div class=\"wpb-content-wrapper\"><p>[vc_row css=&#8221;.vc_custom_1485160633911{padding-top: 30px !important;}&#8221;][vc_column][vc_column_text]Observatori de la Vulnerabilitat. Enlla\u00e7os<\/p>\n<ul>\n<li><a href=\"http:\/\/www.cermi.es\/es-ES\/Paginas\/OrganizacionesCERMI.aspx?TSMEIdOrg=53\">CERMI CV<\/a><\/li>\n<li>Plataforma en defensa de la llei de depend\u00e8ncia<\/li>\n<li><a href=\"http:\/\/www.salutmentalcv.org\/\">FSM CV, Federaci\u00f3 Salut Mental Comunitat Valenciana<\/a><\/li>\n<li><a href=\"http:\/\/www.caritasvalencia.org\/\">Caritas<\/a><\/li>\n<li><a href=\"http:\/\/www.cruzroja.es\/portal\/page?_pageid=584,1&amp;_dad=portal30&amp;_schema=PORTAL30&amp;P_CENT=15643\">Cruz roja<\/a><\/li>\n<li><a href=\"https:\/\/eapncv.wordpress.com\/\">Xarxa Europea de lluita contra la pobresa i l&#8217;exclusi\u00f3 social\u00a0(EAPN)<\/a><\/li>\n<li><a href=\"http:\/\/www.udpalicante.org\/\">Uni\u00f3 democr\u00e0tica de pensionistes\u00a0(UDP)<\/a><\/li>\n<li><a href=\"http:\/\/www.mdm-cv.org\/\">Metges del m\u00f3n<\/a><\/li>\n<li><a href=\"http:\/\/cearpv.org\/\">CEAR PV<\/a><\/li>\n<li><a href=\"http:\/\/valencia-acoge.org\/\">Federaci\u00f3n auton\u00f3mica de acoges<\/a><\/li>\n<\/ul>\n<ul>\n<li><a href=\"http:\/\/www.pv.ccoo.es\/\">CCOO PV<\/a><\/li>\n<li><a href=\"http:\/\/www.ugt-pv.es\/cms\/\">UGT PV<\/a><\/li>\n<li><a href=\"http:\/\/aen-paisvalencia.blogspot.com.es\/\">Associaci\u00f3 espanyola de neuropsiquiatria-profesionals de la salut mental del pa\u00eds Valenci\u00e0-(AEN-PSM)<\/a><\/li>\n<li><a href=\"https:\/\/www.cop-cv.org\/\">Col\u00b7legi\u00a0oficial de psic\u00f2legs<\/a><\/li>\n<li><a href=\"http:\/\/www.cotsalacant.es\/inicio\/es\/\">Col\u00b7legi oficial de treball social d&#8217;Alacant<\/a><\/li>\n<li><a href=\"http:\/\/www.coeescv.net\/\">Col\u00b7legi oficial d&#8217;educadores i educadors socials de la Comunitat Valenciana\u00a0(COEESCV)<\/a><\/li>\n<li><a href=\"http:\/\/www.svgg.org\/\">Societat Valenciana de geriatria i gerontologia<\/a><\/li>\n<\/ul>\n<ul>\n<li><a href=\"http:\/\/www.ua.es\/va\/\">Universitat d&#8217;Alacant<\/a><\/li>\n<\/ul>\n<p>[\/vc_column_text]<div class=\"resultados\">\r\n        <div class=\"container_12\">\r\n\r\n            <div class=\"listado\"><\/div>\r\n        <\/div>\r\n    <\/div><div class='paginacion'><ul class=\"module-list\"><\/ul><\/div>\n[\/vc_column][\/vc_row][vc_row][vc_column][vc_column_text]<\/p>\n<p>[\/vc_column_text][\/vc_column][\/vc_row]<\/p>\n<\/div>","protected":false},"excerpt":{"rendered":"<p>[vc_row css=&#8221;.vc_custom_1485160633911{padding-top: 30px !important;}&#8221;][vc_column][vc_column_text]Observatori de la Vulnerabilitat. Enlla\u00e7os CERMI CV Plataforma en defensa de la llei de depend\u00e8ncia FSM CV, Federaci\u00f3 Salut Mental Comunitat Valenciana Caritas Cruz roja Xarxa Europea de lluita contra la pobresa i l&#8217;exclusi\u00f3 social\u00a0(EAPN) Uni\u00f3 democr\u00e0tica de pensionistes\u00a0(UDP) Metges del m\u00f3n CEAR PV Federaci\u00f3n auton\u00f3mica de acoges CCOO PV UGT PV [&hellip;]<\/p>\n","protected":false},"author":1,"featured_media":0,"parent":10654,"menu_order":0,"comment_status":"closed","ping_status":"closed","template":"","meta":{"footnotes":""},"class_list":["post-722","page","type-page","status-publish","hentry"],"_links":{"self":[{"href":"https:\/\/www.elsindic.com\/va\/wp-json\/wp\/v2\/pages\/722"}],"collection":[{"href":"https:\/\/www.elsindic.com\/va\/wp-json\/wp\/v2\/pages"}],"about":[{"href":"https:\/\/www.elsindic.com\/va\/wp-json\/wp\/v2\/types\/page"}],"author":[{"embeddable":true,"href":"https:\/\/www.elsindic.com\/va\/wp-json\/wp\/v2\/users\/1"}],"replies":[{"embeddable":true,"href":"https:\/\/www.elsindic.com\/va\/wp-json\/wp\/v2\/comments?post=722"}],"version-history":[{"count":5,"href":"https:\/\/www.elsindic.com\/va\/wp-json\/wp\/v2\/pages\/722\/revisions"}],"predecessor-version":[{"id":15280,"href":"https:\/\/www.elsindic.com\/va\/wp-json\/wp\/v2\/pages\/722\/revisions\/15280"}],"up":[{"embeddable":true,"href":"https:\/\/www.elsindic.com\/va\/wp-json\/wp\/v2\/pages\/10654"}],"wp:attachment":[{"href":"https:\/\/www.elsindic.com\/va\/wp-json\/wp\/v2\/media?parent=722"}],"curies":[{"name":"wp","href":"https:\/\/api.w.org\/{rel}","templated":true}]}}